{"id":757,"date":"2021-07-13T17:41:31","date_gmt":"2021-07-13T17:41:31","guid":{"rendered":"http:\/\/arrobasistemas.com.ar\/index.php\/one-page-express\/"},"modified":"2021-07-13T18:48:12","modified_gmt":"2021-07-13T18:48:12","slug":"one-page-express","status":"publish","type":"page","link":"https:\/\/arrobasistemas.com.ar\/","title":{"rendered":"Front Page"},"content":{"rendered":"<div  id=\"overlapable-2\" style=\"background-color: #ffffff;\" data-label=\"Overlapable\" data-id=\"stripped-coloured-icon-boxes\" data-category=\"overlapable\" class=\"features-coloured-icon-boxes-section\" data-overlap=\"true\"> <div  class=\"gridContainer\"> <div  class=\"features-coloured-icon-boxes-innerrow flexbox-list dark-text\" data-type=\"row\"> <div  class=\"features-coloured-icon-boxes-featurecol cp3cols\"> <div  class=\"features-coloured-icon-boxes-iconcontainer\" data-content-item-container=\"true\"> <i  data-cp-fa=\"true\" class=\"features-coloured-icon fa fa-cogs\"><\/i> <\/div> <h4  class=\"\">Sistemas inform\u00e1ticos a medida<\/h4>  <a class=\"features-coloured-button\" href=\"#\" target=\"_self\" rel=\"noopener\">INFO<\/a> <\/div> <div  class=\"features-coloured-icon-boxes-featurecol cp3cols\"> <div  class=\"features-coloured-icon-boxes-iconcontainer\" data-content-item-container=\"true\"> <i  data-cp-fa=\"true\" class=\"features-coloured-icon fa fa-chrome\"><\/i> <\/div> <h4  class=\"\">Dise\u00f1o web sitios corporativos\n<\/h4>  <a class=\"features-coloured-button\" href=\"#\" target=\"_self\" rel=\"noopener\">INFO<\/a> <\/div> <div  class=\"features-coloured-icon-boxes-featurecol cp3cols\"> <div  class=\"features-coloured-icon-boxes-iconcontainer\" data-content-item-container=\"true\"> <i  data-cp-fa=\"true\" class=\"features-coloured-icon fa fa-cart-arrow-down\"><\/i> <\/div> <h4  class=\"\">Sitios de comercio electr\u00f3nico<\/h4>  <a class=\"features-coloured-button\" href=\"#\" target=\"_self\" rel=\"noopener\">INFO<\/a> <\/div> <div  class=\"features-coloured-icon-boxes-featurecol cp3cols\"> <div  class=\"features-coloured-icon-boxes-iconcontainer\" data-content-item-container=\"true\"> <i  data-cp-fa=\"true\" class=\"features-coloured-icon fa fa-bullhorn\"><\/i> <\/div> <h4  class=\"\">Redes sociales\n<\/h4>  <a class=\"features-coloured-button\" href=\"#\" target=\"_self\" rel=\"noopener\">INFO<\/a> <\/div> <\/div> <\/div><\/div><div  id=\"about-1\" style=\"background-color: #f6f6f6;\" data-label=\"About\" data-id=\"about-big-images-section\" data-category=\"about\" class=\"about-big-images-section\"> <div  class=\"gridContainer\"> <div  class=\"about-big-images-textrow\"> <div  class=\"about-big-images-textcol dynamic-color\" data-type=\"column\"> <h5  class=\"\">LOREM IPSUM DOLOR<\/h5> <h3  class=\"\">Dise\u00f1os&nbsp;<span  href=\"#\" class=\"span25\">adaptables<\/span>&nbsp;a todos los dispositivos<\/h3>   <\/div> <\/div> <\/div> <div  class=\"about-big-images-bottomrow\"> <div  class=\"about-big-images-leftimgcol\"><img decoding=\"async\"  class=\"about-big-images-leftimg\" src=\"https:\/\/arrobasistemas.com.ar\/wp-content\/plugins\/one-page-express-companion\/theme-data\/one-page-express\/sections\/images\/nordwood-themes-180852.jpg\"> <\/div> <div  class=\"about-big-images-centerimgcol\"><img decoding=\"async\"  class=\"about-big-images-centerimg\" src=\"https:\/\/arrobasistemas.com.ar\/wp-content\/plugins\/one-page-express-companion\/theme-data\/one-page-express\/sections\/images\/ir5likvfqc4-william-iven-1920x1275.jpg\"> <\/div> <div  class=\"about-big-images-rightimgcol\"><img decoding=\"async\"  class=\"about-big-images-rightimg\" src=\"https:\/\/arrobasistemas.com.ar\/wp-content\/plugins\/one-page-express-companion\/theme-data\/one-page-express\/sections\/images\/project1.jpg\"> <\/div> <\/div> <\/div><div  id=\"content-3\" style=\"background-color: #ffffff;\" data-label=\"Content\" data-id=\"content-image-left\" data-category=\"content\" class=\"content-left-image-section\"> <div  class=\"gridContainer\"> <div  class=\"row\"> <div  class=\"content-left-image-imgcol\" data-type=\"column\"> <img decoding=\"async\"  src=\"https:\/\/arrobasistemas.com.ar\/wp-content\/plugins\/one-page-express-companion\/theme-data\/one-page-express\/sections\/images\/project1.jpg\" class=\"\"> <\/div> <div  class=\"content-left-image-textcol dynamic-color\" data-type=\"column\"> <h2  class=\"\">Soluciones web integrales<\/h2> <p  class=\"large_text\">Nos encargamos de todas las etapas del desarrollo de tu p\u00e1gina: Dise\u00f1o web, posicionamiento web, dise\u00f1o gr\u00e1fico, hosting.<\/p>  <\/div> <\/div> <\/div> <\/div><div  id=\"team-1\" style=\"background-color: #ffffff;\" data-label=\"Team\" data-id=\"team-colors-section\" data-category=\"team\" class=\"team-colors-section\"> <div  class=\"gridContainer\"> <div  class=\"team-colors-textcol dynamic-color\"> <h2 >Nos adaptamos a las necesidades de cada negocio<\/h2> <p  class=\"\"><\/p> <\/div> <div  class=\"team-colors-membersrow dark-text\" data-type=\"row\"> <div  class=\"team-colors-membercol cp3cols cp6cols-tablet\"> <div  class=\"team-colors-membercard\"> <div  class=\"team-colors-background\"><\/div> <div  class=\"team-colors-memberinfo\" data-type=\"column\"><img decoding=\"async\"  class=\"team-colors-memberimg\" data-size=\"500x500\" src=\"https:\/\/arrobasistemas.com.ar\/wp-content\/uploads\/2021\/07\/cropped-Arroba-Sistemas-fondo-blanco-150x150-1.png\" alt=\"\"> <h4  class=\"team-colors-membername\">1<\/h4> <p  class=\"team-colors-memberposition\">PRIMER CONTACTO<\/p> <p  class=\"\">Definimos las necesidades de tu proyecto y te pedimos toda la informaci\u00f3n necesaria para evaluar la mejor opci\u00f3n para vos.<\/p> <hr  class=\"team-colors-separator\"> <\/div> <div  class=\"team-colors-membericons\" data-type=\"group\"> <a href=\"#\" target=\"_self\" data-reiki-hidden=\"true\" rel=\"noopener\"><i  data-cp-fa=\"true\" class=\"team-colors-icon fa fa-linkedin\"><\/i><\/a> <a href=\"#\" target=\"_self\" data-reiki-hidden=\"true\" rel=\"noopener\"><i  data-cp-fa=\"true\" class=\"fa team-colors-icon fa-twitter\"><\/i><\/a> <a href=\"#\" target=\"_self\" data-reiki-hidden=\"true\" rel=\"noopener\"><i  data-cp-fa=\"true\" class=\"fa team-colors-icon fa-dribbble\"><\/i><\/a> <\/div> <\/div> <\/div> <div  class=\"team-colors-membercol cp3cols cp6cols-tablet\"> <div  class=\"team-colors-membercard\"> <div  class=\"team-colors-background\"><\/div> <div  class=\"team-colors-memberinfo\" data-type=\"column\"><img decoding=\"async\"  class=\"team-colors-memberimg\" data-size=\"500x500\" src=\"https:\/\/arrobasistemas.com.ar\/wp-content\/uploads\/2021\/07\/cropped-Arroba-Sistemas-fondo-blanco-150x150-1.png\" alt=\"\"> <h4  class=\"team-colors-membername\">2<\/h4> <p  class=\"team-colors-memberposition\">DISE\u00d1O\n<\/p> <p  class=\"\">Te proponemos un dise\u00f1o que se ajuste tanto gr\u00e1fica como funcionalmente a tu negocio.<\/p> <hr  class=\"team-colors-separator\"> <\/div> <div  class=\"team-colors-membericons\" data-type=\"group\"> <a href=\"#\" target=\"_self\" data-reiki-hidden=\"true\" rel=\"noopener\"><i  data-cp-fa=\"true\" class=\"team-colors-icon fa fa-linkedin\"><\/i><\/a> <a href=\"#\" target=\"_self\" data-reiki-hidden=\"true\" rel=\"noopener\"><i  data-cp-fa=\"true\" class=\"fa team-colors-icon fa-twitter\"><\/i><\/a> <a href=\"#\" target=\"_self\" data-reiki-hidden=\"true\" rel=\"noopener\"><i  data-cp-fa=\"true\" class=\"fa team-colors-icon fa-dribbble\"><\/i><\/a> <\/div> <\/div> <\/div> <div  class=\"team-colors-membercol cp3cols cp6cols-tablet\"> <div  class=\"team-colors-membercard\"> <div  class=\"team-colors-background\"><\/div> <div  class=\"team-colors-memberinfo\" data-type=\"column\"><img decoding=\"async\"  class=\"team-colors-memberimg\" data-size=\"500x500\" src=\"https:\/\/arrobasistemas.com.ar\/wp-content\/uploads\/2021\/07\/cropped-Arroba-Sistemas-fondo-blanco-150x150-1.png\" alt=\"\"> <h4  class=\"team-colors-membername\">3&nbsp;<\/h4> <p  class=\"team-colors-memberposition\">DESARROLLO\n<\/p> <p  class=\"\">Desarrollo<br >Una vez definido el proyecto, pasamos a hacerlo realidad mientras ves los avances en tiempo real.<\/p> <hr  class=\"team-colors-separator\"> <\/div> <div  class=\"team-colors-membericons\" data-type=\"group\"> <a href=\"#\" target=\"_self\" data-reiki-hidden=\"true\" rel=\"noopener\"><i  data-cp-fa=\"true\" class=\"team-colors-icon fa fa-linkedin\"><\/i><\/a> <a href=\"#\" target=\"_self\" data-reiki-hidden=\"true\" rel=\"noopener\"><i  data-cp-fa=\"true\" class=\"fa team-colors-icon fa-twitter\"><\/i><\/a> <a href=\"#\" target=\"_self\" data-reiki-hidden=\"true\" rel=\"noopener\"><i  data-cp-fa=\"true\" class=\"fa team-colors-icon fa-dribbble\"><\/i><\/a> <\/div> <\/div> <\/div> <div  class=\"team-colors-membercol cp3cols cp6cols-tablet\"> <div  class=\"team-colors-membercard\"> <div  class=\"team-colors-background\"><\/div> <div  class=\"team-colors-memberinfo\" data-type=\"column\"><img decoding=\"async\"  class=\"team-colors-memberimg\" data-size=\"500x500\" src=\"https:\/\/arrobasistemas.com.ar\/wp-content\/uploads\/2021\/07\/cropped-Arroba-Sistemas-fondo-blanco-150x150-1.png\" alt=\"\"> <h4  class=\"team-colors-membername\">4<\/h4> <p  class=\"team-colors-memberposition\">LANZAMIENTO\n<\/p> <p  class=\"\">Probamos junto a vos que el resultado sea el esperado y te brindamos asistencia ante cualquier duda o modificaci\u00f3n necesaria.<\/p> <hr  class=\"team-colors-separator\"> <\/div> <div  class=\"team-colors-membericons\" data-type=\"group\"> <a href=\"#\" target=\"_self\" data-reiki-hidden=\"true\" rel=\"noopener\"><i  data-cp-fa=\"true\" class=\"team-colors-icon fa fa-linkedin\"><\/i><\/a> <a href=\"#\" target=\"_self\" data-reiki-hidden=\"true\" rel=\"noopener\"><i  data-cp-fa=\"true\" class=\"fa team-colors-icon fa-twitter\"><\/i><\/a> <a href=\"#\" target=\"_self\" data-reiki-hidden=\"true\" rel=\"noopener\"><i  data-cp-fa=\"true\" class=\"fa team-colors-icon fa-dribbble\"><\/i><\/a> <\/div> <\/div> <\/div> <\/div> <\/div><\/div><div  id=\"contact-4\" data-label=\"Contact\" data-id=\"contact-section\" data-category=\"contact\" data-bg=\"transparent\" class=\"contact-section-formsection white-text\"> <div  class=\"\"> <div  class=\"row_224\"> <div  class=\"contact-textrow\"> <div  class=\"contact-textcol dynamic-color\"> <h2  class=\"\">\u00a1Hola!<\/h2> <p  class=\"white_text\">Quiero que me contacten\u2026<\/p> <\/div> <\/div> <\/div> <div  class=\"contact-formcol\" data-content-shortcode=\"one_page_express_contact_form shortcode=&quot;wpforms id=&amp;amp;quot;777&amp;amp;quot;&quot;\" data-editable=\"true\"><div class=\"wpforms-container wpforms-container-full\" id=\"wpforms-777\"><form id=\"wpforms-form-777\" class=\"wpforms-validate wpforms-form\" data-formid=\"777\" method=\"post\" enctype=\"multipart\/form-data\" action=\"\/index.php\/wp-json\/wp\/v2\/pages\/757\" data-token=\"d5385d21f8413a3c6ad3f6e10396dc0f\" data-token-time=\"1778266485\"><noscript class=\"wpforms-error-noscript\">Por favor, activa JavaScript en tu navegador para completar este formulario.<\/noscript><div class=\"wpforms-field-container\"><div id=\"wpforms-777-field_0-container\" class=\"wpforms-field wpforms-field-name\" data-field-id=\"0\"><label class=\"wpforms-field-label\">Nombre <span class=\"wpforms-required-label\">*<\/span><\/label><div class=\"wpforms-field-row wpforms-field-medium\"><div class=\"wpforms-field-row-block wpforms-first wpforms-one-half\"><input type=\"text\" id=\"wpforms-777-field_0\" class=\"wpforms-field-name-first wpforms-field-required\" name=\"wpforms[fields][0][first]\" required><label for=\"wpforms-777-field_0\" class=\"wpforms-field-sublabel after\">Nombre<\/label><\/div><div class=\"wpforms-field-row-block wpforms-one-half\"><input type=\"text\" id=\"wpforms-777-field_0-last\" class=\"wpforms-field-name-last wpforms-field-required\" name=\"wpforms[fields][0][last]\" required><label for=\"wpforms-777-field_0-last\" class=\"wpforms-field-sublabel after\">Apellidos<\/label><\/div><\/div><\/div><div id=\"wpforms-777-field_1-container\" class=\"wpforms-field wpforms-field-email\" data-field-id=\"1\"><label class=\"wpforms-field-label\" for=\"wpforms-777-field_1\">Correo electr\u00f3nico <span class=\"wpforms-required-label\">*<\/span><\/label><input type=\"email\" id=\"wpforms-777-field_1\" class=\"wpforms-field-medium wpforms-field-required\" name=\"wpforms[fields][1]\" spellcheck=\"false\" required><\/div><div id=\"wpforms-777-field_2-container\" class=\"wpforms-field wpforms-field-textarea\" data-field-id=\"2\"><label class=\"wpforms-field-label\" for=\"wpforms-777-field_2\">Comentario o mensaje <span class=\"wpforms-required-label\">*<\/span><\/label><textarea id=\"wpforms-777-field_2\" class=\"wpforms-field-medium wpforms-field-required\" name=\"wpforms[fields][2]\" required><\/textarea><\/div><\/div><!-- .wpforms-field-container --><div class=\"wpforms-recaptcha-container wpforms-is-recaptcha wpforms-is-recaptcha-type-v3\" ><input type=\"hidden\" name=\"wpforms[recaptcha]\" value=\"\"><\/div><div class=\"wpforms-submit-container\" ><input type=\"hidden\" name=\"wpforms[id]\" value=\"777\"><input type=\"hidden\" name=\"page_title\" value=\"\"><input type=\"hidden\" name=\"page_url\" value=\"https:\/\/arrobasistemas.com.ar\/index.php\/wp-json\/wp\/v2\/pages\/757\"><input type=\"hidden\" name=\"url_referer\" value=\"http:\/\/arrobasistemas.com.ar\"><button type=\"submit\" name=\"wpforms[submit]\" id=\"wpforms-submit-777\" class=\"wpforms-submit\" data-alt-text=\"Enviando...\" data-submit-text=\"Enviar\" aria-live=\"assertive\" value=\"wpforms-submit\">Enviar<\/button><\/div><\/form><\/div>  <!-- .wpforms-container --><\/div> <\/div><\/div>","protected":false},"excerpt":{"rendered":"<p>Sistemas inform\u00e1ticos a medida INFO Dise\u00f1o web sitios corporativos INFO Sitios de comercio electr\u00f3nico INFO Redes sociales INFO LOREM IPSUM DOLOR Dise\u00f1os&nbsp;adaptables&nbsp;a todos los dispositivos Soluciones web integrales Nos encargamos de todas las etapas del desarrollo de tu p\u00e1gina: Dise\u00f1o web, posicionamiento web, dise\u00f1o gr\u00e1fico, hosting. Nos adaptamos a las necesidades de cada negocio 1&hellip; <br \/> <a class=\"button small blue\" href=\"https:\/\/arrobasistemas.com.ar\/\">Leer m\u00e1s<\/a><\/p>\n","protected":false},"author":1,"featured_media":0,"parent":0,"menu_order":0,"comment_status":"closed","ping_status":"closed","template":"","meta":{"footnotes":""},"class_list":["post-757","page","type-page","status-publish","hentry"],"_links":{"self":[{"href":"https:\/\/arrobasistemas.com.ar\/index.php\/wp-json\/wp\/v2\/pages\/757","targetHints":{"allow":["GET"]}}],"collection":[{"href":"https:\/\/arrobasistemas.com.ar\/index.php\/wp-json\/wp\/v2\/pages"}],"about":[{"href":"https:\/\/arrobasistemas.com.ar\/index.php\/wp-json\/wp\/v2\/types\/page"}],"author":[{"embeddable":true,"href":"https:\/\/arrobasistemas.com.ar\/index.php\/wp-json\/wp\/v2\/users\/1"}],"replies":[{"embeddable":true,"href":"https:\/\/arrobasistemas.com.ar\/index.php\/wp-json\/wp\/v2\/comments?post=757"}],"version-history":[{"count":7,"href":"https:\/\/arrobasistemas.com.ar\/index.php\/wp-json\/wp\/v2\/pages\/757\/revisions"}],"predecessor-version":[{"id":786,"href":"https:\/\/arrobasistemas.com.ar\/index.php\/wp-json\/wp\/v2\/pages\/757\/revisions\/786"}],"wp:attachment":[{"href":"https:\/\/arrobasistemas.com.ar\/index.php\/wp-json\/wp\/v2\/media?parent=757"}],"curies":[{"name":"wp","href":"https:\/\/api.w.org\/{rel}","templated":true}]}}