{"id":285,"date":"2015-01-26T19:17:52","date_gmt":"2015-01-26T19:17:52","guid":{"rendered":"http:\/\/themes.tielabs.com\/sahifa5\/?page_id=285"},"modified":"2021-07-13T18:34:30","modified_gmt":"2021-07-13T18:34:30","slug":"clientes","status":"publish","type":"page","link":"https:\/\/arrobasistemas.com.ar\/index.php\/clientes\/","title":{"rendered":"Clientes"},"content":{"rendered":"\n<ul class=\"wp-block-list\"><li>Cantera y Hormigonera El Alto.<\/li><li>Veterinaria Snoopy<\/li><li>Oftalmo<\/li><li>Colorcopy Centro de Dise\u00f1o<\/li><li>Cooperativa La Juanita<\/li><li>Ceprocor<\/li><li>Buloner\u00eda La Bronca<\/li><li>CEM<\/li><li>Express Modas<\/li><li>Posada Ra\u00edces del Carolino<\/li><li>Berie Bordados<\/li><li>Saltetto Distribuidora de bebidas<\/li><li>Fundaci\u00f3n Espacios<\/li><li>Fundaci\u00f3n Kamay<\/li><li>La Texto Fabril<\/li><li>Minerales Grigioni<\/li><li>Molienda Moreira<\/li><li>Panader\u00eda La Tradici\u00f3n<\/li><li>Premoldeados Miguel Angel<\/li><li>DyL Iluminaci\u00f3n<\/li><li>Estudio Contable Beladelli<\/li><li>Roca Trejo Centro M\u00e9dico Est\u00e9tico<\/li><li>Rossi Carburaci\u00f3n<\/li><li>IRAC \u2013 Biogen<\/li><li>Librer\u00eda Sur<\/li><li>Hostal Baudi<\/li><li>Estudio Contable P\u00e1ssera Ocello<\/li><li>Fundaci\u00f3n Maritain<\/li><li>Molienda El Cerrito Planta Tres<\/li><li>Estigma Asesoramiento para el Agro<\/li><li>Mosquiteras Ecommerce<\/li><li>Colegio Anglo Americano<\/li><li>El Sitio FM<\/li><li>Oftalmo Empresarial<\/li><li>Kamay<\/li><li>Quokka<\/li><li>Top Music Events<\/li><li>Viva la gozadera<\/li><li>El Centro Financiero<\/li><li>DyL iluminaci\u00f3n<\/li><li>Best Bus Party<\/li><li>Centro de Comercio Alta Gracia<\/li><li>Marky Gonzalez PH<\/li><\/ul>\n\n\n\n<p>y vamos por m\u00e1s!!<\/p>\n","protected":false},"excerpt":{"rendered":"<p>Cantera y Hormigonera El Alto. Veterinaria Snoopy Oftalmo Colorcopy Centro de Dise\u00f1o Cooperativa La Juanita Ceprocor Buloner\u00eda La Bronca CEM Express Modas Posada Ra\u00edces del Carolino Berie Bordados Saltetto Distribuidora de bebidas Fundaci\u00f3n Espacios Fundaci\u00f3n Kamay La Texto Fabril Minerales Grigioni Molienda Moreira Panader\u00eda La Tradici\u00f3n Premoldeados Miguel Angel DyL Iluminaci\u00f3n Estudio Contable Beladelli Roca&hellip; <br \/> <a class=\"button small blue\" href=\"https:\/\/arrobasistemas.com.ar\/index.php\/clientes\/\">Leer m\u00e1s<\/a><\/p>\n","protected":false},"author":1,"featured_media":0,"parent":0,"menu_order":0,"comment_status":"closed","ping_status":"closed","template":"","meta":{"footnotes":""},"class_list":["post-285","page","type-page","status-publish","hentry"],"_links":{"self":[{"href":"https:\/\/arrobasistemas.com.ar\/index.php\/wp-json\/wp\/v2\/pages\/285","targetHints":{"allow":["GET"]}}],"collection":[{"href":"https:\/\/arrobasistemas.com.ar\/index.php\/wp-json\/wp\/v2\/pages"}],"about":[{"href":"https:\/\/arrobasistemas.com.ar\/index.php\/wp-json\/wp\/v2\/types\/page"}],"author":[{"embeddable":true,"href":"https:\/\/arrobasistemas.com.ar\/index.php\/wp-json\/wp\/v2\/users\/1"}],"replies":[{"embeddable":true,"href":"https:\/\/arrobasistemas.com.ar\/index.php\/wp-json\/wp\/v2\/comments?post=285"}],"version-history":[{"count":1,"href":"https:\/\/arrobasistemas.com.ar\/index.php\/wp-json\/wp\/v2\/pages\/285\/revisions"}],"predecessor-version":[{"id":776,"href":"https:\/\/arrobasistemas.com.ar\/index.php\/wp-json\/wp\/v2\/pages\/285\/revisions\/776"}],"wp:attachment":[{"href":"https:\/\/arrobasistemas.com.ar\/index.php\/wp-json\/wp\/v2\/media?parent=285"}],"curies":[{"name":"wp","href":"https:\/\/api.w.org\/{rel}","templated":true}]}}